{"id":23,"date":"2016-07-06T07:53:38","date_gmt":"2016-07-06T07:53:38","guid":{"rendered":"http:\/\/198.49.77.82\/~equilibresantemk\/?page_id=23"},"modified":"2016-08-15T17:40:38","modified_gmt":"2016-08-15T17:40:38","slug":"blog","status":"publish","type":"page","link":"https:\/\/equilibresantemkm.com\/en\/blog\/","title":{"rendered":"Blog"},"content":{"rendered":"<div class=\"fusion-fullwidth fullwidth-box fusion-fullwidth-1  fusion-parallax-none nonhundred-percent-fullwidth\" style=\"border-color:#eae9e9;border-bottom-width: 0px;border-top-width: 0px;border-bottom-style: solid;border-top-style: solid;padding-bottom:20px;padding-top:20px;padding-left:;padding-right:;background-color:rgba(255,255,255,0);\"><style type=\"text\/css\" scoped=\"scoped\">.fusion-fullwidth-1 {\n                            padding-left: px !important;\n                            padding-right: px !important;\n                        }<\/style><div class=\"fusion-row\"><div class=\"fusion-title title fusion-sep-none fusion-title-center fusion-title-size-one\" style=\"margin-top:0px;margin-bottom:31px;\"><h1 class=\"title-heading-center\">BLOG<\/h1><\/div><div class=\"fusion-blog-shortcode fusion-blog-shortcode-1 fusion-blog-archive fusion-blog-layout-medium-alternate fusion-blog-pagination\"><div class=\"fusion-posts-container fusion-posts-container-pagination\" data-pages=\"1\"><div id=\"post-238\" class=\"fusion-post-medium-alternate post-238 post type-post status-publish format-standard has-post-thumbnail hentry category-conseils-professionnels-en tag-blessure-en tag-chaud-ou-froid-en tag-douleur-chronique-en tag-inflammation-en tag-massotherapie-en tag-raideur-musculaire-en\">\n<div class=\"fusion-date-and-formats\"><div class=\"fusion-date-box updated\"><span class=\"fusion-date\">22<\/span><span class=\"fusion-month-year\">07, 2016<\/span><\/div><div class=\"fusion-format-box\">\n\t\t\t\t\t\t\t\t  \t<i class=\"fusion-icon-pen\"><\/i>\n\t\t\t\t\t\t\t\t  <\/div><\/div>\n\t<style type=\"text\/css\">\n\t\t\n\t\t\n\t\t\n\t\t\n\t\t\t<\/style>\n\n\n\t<div class=\"fusion-flexslider flexslider fusion-flexslider-loading fusion-post-slideshow\">\n\t\t<ul class=\"slides\">\n\t\t\t\n\t\t\t\t\t\t\t\t\t\t\t\t\t\t\t\t\t\t<li>\n<div class=\"fusion-image-wrapper fusion-image-size-fixed\" aria-haspopup=\"true\">\n\n\t\n\t\t\n\t\t\t\t\t<img loading=\"lazy\" decoding=\"async\" width=\"320\" height=\"202\" src=\"https:\/\/equilibresantemkm.com\/wp-content\/uploads\/2016\/07\/Chaud-Froid-1-320x202.jpg\" class=\"attachment-blog-medium size-blog-medium wp-post-image\" alt=\"\" srcset=\"https:\/\/equilibresantemkm.com\/wp-content\/uploads\/2016\/07\/Chaud-Froid-1-320x202.jpg 320w, https:\/\/equilibresantemkm.com\/wp-content\/uploads\/2016\/07\/Chaud-Froid-1-700x441.jpg 700w\" sizes=\"auto, (max-width: 320px) 100vw, 320px\" \/>\n\t\n\n\t\t<div class=\"fusion-rollover\">\n\t<div class=\"fusion-rollover-content\">\n\n\t\t\t\t\t\t\t\t\t\t\t\t\t\t<a class=\"fusion-rollover-link\" href=\"https:\/\/equilibresantemkm.com\/en\/chaud-ou-froid\/\">Permalink<\/a>\n\t\t\t\n\t\t\t\t\t\t\t\t\t\t\t\t\t\t\n\t\t\t\t\t\t\t\t\n\t\t\t\t\t\t\t\t\t\t\t\t\t<div class=\"fusion-rollover-sep\"><\/div>\n\t\t\t\t\n\t\t\t\t\t\t\t\t\t\t\t\t\t\t\t\t\t\t<a class=\"fusion-rollover-gallery\" href=\"https:\/\/equilibresantemkm.com\/wp-content\/uploads\/2016\/07\/Chaud-Froid-1.jpg\" data-id=\"238\" data-rel=\"iLightbox[gallery]\" data-title=\"chaud ou froid? Ce qu'il faut faire lors de blessures, douleur chronique,  inflammation, ou raideur musculaire.\" data-caption=\"chaud ou froid? Ce qu'il faut faire lors de blessures, douleur chronique,  inflammation, ou raideur musculaire.\">\n\t\t\t\t\t\tGallery\t\t\t\t\t<\/a>\n\t\t\t\t\t\t\t\t\t\t\t\t\t\t\n\t\t\t\t\t\t\t<h4 class=\"fusion-rollover-title\">\n\t\t\t\t<a href=\"https:\/\/equilibresantemkm.com\/en\/chaud-ou-froid\/\">\n\t\t\t\t\tChaud ou froid? \u00c9ternelle question\t\t\t\t<\/a>\n\t\t\t<\/h4>\n\t\t\n\t\t\t\t\t\t\t\n\t\t\t<div class=\"fusion-rollover-categories\"><a href=\"https:\/\/equilibresantemkm.com\/en\/category\/conseils-professionnels-en\/\" rel=\"tag\">Conseils professionnels<\/a><\/div>\t\t\n\t\t\n\t\t\t\t\n\t\t\t\t\n\t\t\t\t\t<\/div>\n<\/div>\n\n\t\n<\/div>\n<\/li>\n\t\t\t\n\t\t\t\t\t\t\t\t\t\t\t\t\t\t\t\t\t\t\t\t\t\t\t\t\t\t\t\t\t\t\t\t\t\t\t\t\t\t\t\t\t\t\t\t\t\t\t\t\t\t\t\t\t\t\t\t\t\t\t\t\t\t\t\t\t\t\t\t\t\t\t<\/ul>\n\t<\/div>\n<div class=\"fusion-post-content post-content\"><h2 class=\"entry-title\"><a href=\"https:\/\/equilibresantemkm.com\/en\/chaud-ou-froid\/\">Chaud ou froid? \u00c9ternelle question<\/a><\/h2><p class=\"fusion-single-line-meta\">\n\t\n\t\t\t<span class=\"vcard\" style=\"display: none;\">\n\t\t\t<span class=\"fn\">\n\t\t\t\t<a href=\"https:\/\/equilibresantemkm.com\/en\/author\/myriamb\/\" title=\"Posts by Myriam Bergeron\" rel=\"author\">Myriam Bergeron<\/a>\t\t\t<\/span>\n\t\t<\/span>\n\t\n\t\n\n\t\n\t\n\t\t\t<span class=\"updated\" style=\"display:none;\">\n\t\t\t2016-08-15T17:51:55+00:00\t\t<\/span>\n\t\n<span>July 22nd, 2016<\/span><span class=\"fusion-inline-sep\">|<\/span>Categories: <a href=\"https:\/\/equilibresantemkm.com\/en\/category\/conseils-professionnels-en\/\" rel=\"category tag\">Conseils professionnels<\/a><span class=\"fusion-inline-sep\">|<\/span><span class=\"meta-tags\">Tags: <a href=\"https:\/\/equilibresantemkm.com\/en\/tag\/blessure-en\/\" rel=\"tag\">Blessure<\/a>, <a href=\"https:\/\/equilibresantemkm.com\/en\/tag\/chaud-ou-froid-en\/\" rel=\"tag\">Chaud ou Froid<\/a>, <a href=\"https:\/\/equilibresantemkm.com\/en\/tag\/douleur-chronique-en\/\" rel=\"tag\">Douleur chronique<\/a>, <a href=\"https:\/\/equilibresantemkm.com\/en\/tag\/inflammation-en\/\" rel=\"tag\">Inflammation<\/a>, <a href=\"https:\/\/equilibresantemkm.com\/en\/tag\/massotherapie-en\/\" rel=\"tag\">Massoth\u00e9rapie<\/a>, <a href=\"https:\/\/equilibresantemkm.com\/en\/tag\/raideur-musculaire-en\/\" rel=\"tag\">Raideur musculaire<\/a><\/span><span class=\"fusion-inline-sep\">|<\/span><span class=\"fusion-comments\"><span>Comments Off<span class=\"screen-reader-text\"> on Chaud ou froid? \u00c9ternelle question<\/span><\/span><\/span><\/p><div class=\"fusion-post-content-container\"><p>Chaud ou froid? \u00c9ternelle question Karine s\u2019est foul\u00e9 une cheville en courant. Andr\u00e9 est courbatur\u00e9 apr\u00e8s avoir jou\u00e9 \u00e0 quatre pattes avec ses petits-enfants. Le petit Alex s\u2019est cogn\u00e9 la t\u00eate en jouant. Qui doit [...]<\/p><\/div><\/div><div class=\"fusion-clearfix\"><\/div><div class=\"fusion-meta-info\"><div class=\"fusion-alignright\"><a class=\"fusion-read-more\" href=\"https:\/\/equilibresantemkm.com\/en\/chaud-ou-froid\/\">Read More<\/a><\/div><\/div><\/div>\n<\/div>\n\t\t<\/div><\/div><\/div>\n","protected":false},"excerpt":{"rendered":"","protected":false},"author":3,"featured_media":0,"parent":0,"menu_order":0,"comment_status":"closed","ping_status":"closed","template":"100-width.php","meta":{"footnotes":""},"class_list":["post-23","page","type-page","status-publish","hentry"],"_links":{"self":[{"href":"https:\/\/equilibresantemkm.com\/en\/wp-json\/wp\/v2\/pages\/23","targetHints":{"allow":["GET"]}}],"collection":[{"href":"https:\/\/equilibresantemkm.com\/en\/wp-json\/wp\/v2\/pages"}],"about":[{"href":"https:\/\/equilibresantemkm.com\/en\/wp-json\/wp\/v2\/types\/page"}],"author":[{"embeddable":true,"href":"https:\/\/equilibresantemkm.com\/en\/wp-json\/wp\/v2\/users\/3"}],"replies":[{"embeddable":true,"href":"https:\/\/equilibresantemkm.com\/en\/wp-json\/wp\/v2\/comments?post=23"}],"version-history":[{"count":4,"href":"https:\/\/equilibresantemkm.com\/en\/wp-json\/wp\/v2\/pages\/23\/revisions"}],"predecessor-version":[{"id":65,"href":"https:\/\/equilibresantemkm.com\/en\/wp-json\/wp\/v2\/pages\/23\/revisions\/65"}],"wp:attachment":[{"href":"https:\/\/equilibresantemkm.com\/en\/wp-json\/wp\/v2\/media?parent=23"}],"curies":[{"name":"wp","href":"https:\/\/api.w.org\/{rel}","templated":true}]}}